{"id":9698,"date":"2018-08-08T21:41:07","date_gmt":"2018-08-08T19:41:07","guid":{"rendered":"https:\/\/rumarcedeira.com\/terms-and-conditions\/"},"modified":"2022-08-29T10:42:19","modified_gmt":"2022-08-29T08:42:19","slug":"terms-and-conditions","status":"publish","type":"page","link":"https:\/\/rumarcedeira.com\/en\/terms-and-conditions\/","title":{"rendered":"Terms and Conditions"},"content":{"rendered":"<h1>Condiciones generales de venta RUMAR<\/h1>\n<h2>1. Validez<\/h2>\n<p>Nuestras condiciones generales de venta son la base para cualquier operaci\u00f3n comercial con personas f\u00edsicas, jur\u00eddicas y entes p\u00fablicos. La comunicaci\u00f3n de un pedido, por cualquier medio, implica autom\u00e1ticamente la expresa aceptaci\u00f3n de las condiciones de venta que se detallan a continuaci\u00f3n.<\/p>\n<h2>2. Ofertas<\/h2>\n<p>Todas nuestras ofertas son orientativas y no tienen car\u00e1cter contractual hasta el momento de aceptar y confirmar un pedido por parte de RUMAR CEDEIRA, S. L. (de ahora en adelante RUMAR); hasta este momento, RUMAR se reserva el derecho de cualquier tipo de modificaci\u00f3n de la oferta, particularmente en lo que se refiere a precios, plazos de entrega, especificaciones t\u00e9cnicas y condiciones de venta.<\/p>\n<h2>3. Contratos de venta<\/h2>\n<p>Todos los pedidos deben ser formulados por escrito, mediante la WEB (www.rumarcedeira.com) o mediante correo electr\u00f3nico. Cualquier acuerdo verbal entre las partes carece de validez, mientras no se haya confirmado por escrito. Una vez concluido el contrato, las especificaciones t\u00e9cnicas pueden ser modificadas, siempre y cuando las mismas obedezcan a un avance tecnol\u00f3gico y si resultan aceptables para el CLIENTE. Se establece un importe m\u00ednimo de pedido de <strong>25,00\u00a0\u20ac<\/strong> neto despu\u00e9s de descuentos, antes de impuestos y gastos de env\u00edo. Todos los pedidos con un valor inferior sufrir\u00e1n un recargo de <strong>6,00 \u20ac<\/strong> en concepto de gastos administrativos y embalajes.<\/p>\n<h2>4. Plazos de entrega<\/h2>\n<p>Los plazos de entrega son orientativos y sujetos a las posibilidades de suministro del fabricante. Los acontecimientos imprevistos, tales como conflictos laborales, falta de suministro por parte del fabricante, fuerza mayor, etc. justifican retrasos en la entrega de los pedidos. En ning\u00fan caso el CLIENTE tendr\u00e1 derecho a cualquier tipo de indemnizaci\u00f3n por retrasos en la entrega de pedidos.<\/p>\n<p>Las unidades disponibles anunciadas en la WEB no es un dato en tiempo real y puede variar por las ventas realizadas.<\/p>\n<h2>5. Env\u00edos<\/h2>\n<p>Todos los env\u00edos viajan por cuenta y riesgo del CLIENTE, quien tendr\u00e1 el derecho de determinar el modo de env\u00edo. El traspaso del riesgo se produce en el momento de la salida de nuestro almac\u00e9n o del almac\u00e9n del fabricante, si el env\u00edo es directo desde la f\u00e1brica, todo ello incluso si el transporte es organizado por RUMAR. Los env\u00edos deben verificarse en el momento de su recepci\u00f3n, cualquier reclamaci\u00f3n de entrega incompleta deber\u00e1 ser comunicada en un plazo no superior a 24 horas desde su recepci\u00f3n. Al finalizar dicho plazo, el CLIENTE reconoce y acepta autom\u00e1ticamente el env\u00edo en cuanto a su cantidad y calidad.<\/p>\n<p>Nos reservamos el derecho de env\u00edos parciales por razones operativas o por rotura de stock. En este caso RUMAR se har\u00e1 cargo de los gastos del segundo y sucesivos env\u00edos con un transportista de su elecci\u00f3n.<\/p>\n<h2>6. Devoluciones<\/h2>\n<p>Cualquier devoluci\u00f3n debe ser solicitada y autorizada antes de producirse.<\/p>\n<p>Durante los primeros 15 d\u00edas desde la fecha de compra, RUMAR aceptar\u00e1 cualquier devoluci\u00f3n sin necesidad de explicaci\u00f3n alguna. En este caso, los gastos de transporte ser\u00e1n siempre a cargo del CLIENTE.<\/p>\n<p>Por su parte, RUMAR abonar\u00e1 el importe total del material en devoluci\u00f3n siempre y cuando tanto el embalaje como el material est\u00e9n completos y en perfectas condiciones, y que en ning\u00fan caso se haya trabajado con \u00e9l.<\/p>\n<p>Superados los primeros 15 d\u00edas desde la compra, s\u00f3lo se admitir\u00e1n devoluciones por causas justificadas, las cuales son:<\/p>\n<ul>\n<li>Errores en cantidades o referencias cometidas por nuestra parte, en cuyo caso &#8220;habiendo un documento de pedido por escrito realizado por el CLIENTE&#8221;, RUMAR se har\u00e1 cargo de recoger el material enviado por error y subsanar las diferencias con el pedido original sin coste para el CLIENTE. RUMAR abonar\u00e1 el importe total del material en devoluci\u00f3n siempre y cuando tanto el embalaje como el material est\u00e9n completos y en perfectas condiciones, y que en ning\u00fan caso se haya trabajado con \u00e9l.<\/li>\n<li>En el caso de un producto presuntamente defectuoso, exceptuando deterioros que se hayan producido durante el transporte, se tratar\u00e1 como una garant\u00eda (ver apartado 7 Garant\u00eda).<\/li>\n<\/ul>\n<p>En ning\u00fan caso se admitir\u00e1n devoluciones:<\/p>\n<ul>\n<li>De todos aquellos productos sobre los que se indica expresamente que no se aceptan devoluciones.<\/li>\n<li>De todos aquellos productos que no aparezcan en nuestra lista de precios.<\/li>\n<li>De art\u00edculos espec\u00edficamente pedidos \u201cpor encargo\u201d o \u201cbajo pedido\u201d a cualquier fabricante.<\/li>\n<li>Material o embalaje que no se encuentre en perfecto estado de conservaci\u00f3n o que haya sido usado, embalajes con cualquier etiqueta ajena pegada.<\/li>\n<\/ul>\n<h2>7. Garant\u00eda<\/h2>\n<p>Para los casos de reclamaciones sobre presuntos defectos de fabricaci\u00f3n, suministro deficiente o falta de caracter\u00edsticas garantizadas, el CLIENTE deber\u00e1 ponerse en contacto de inmediato con RUMAR para analizar cada caso en particular.<\/p>\n<p>En general, en caso de presuntos defectos de fabricaci\u00f3n o falta de caracter\u00edsticas garantizadas, el CLIENTE se har\u00e1 cargo f\u00edsica y econ\u00f3micamente de hacer llegar el producto con el presunto desperfecto a RUMAR.<\/p>\n<p>En el caso de reclamaciones fundadas por defectos de fabricaci\u00f3n, suministro deficiente o falta de caracter\u00edsticas garantizadas, RUMAR subsanar\u00e1 dicho defecto mediante reparaci\u00f3n o sustituci\u00f3n gratuita, seg\u00fan el criterio y las instrucciones del fabricante, y se har\u00e1 cargo de los gastos de env\u00edo de vuelta al CLIENTE.<\/p>\n<p>En el caso de reclamaciones no fundadas por defectos de fabricaci\u00f3n o falta de caracter\u00edsticas garantizadas, RUMAR emitir\u00e1 un presupuesto de reparaci\u00f3n o sustituci\u00f3n, seg\u00fan el criterio y las instrucciones del fabricante, y el CLIENTE se har\u00e1 cargo de los gastos del env\u00edo de vuelta.<\/p>\n<p>Se excluye expresamente cualquier tipo de compensaci\u00f3n econ\u00f3mica o natural por causa de un defecto durante el per\u00edodo de garant\u00eda.<\/p>\n<p>Las garant\u00edas ofrecidas por RUMAR no son acumulables. Sobre todos los productos suministrados por RUMAR, el periodo de garant\u00eda da inicio en la fecha de la factura de venta emitida por RUMAR. Si este producto es sustituido o reparado en garant\u00eda, la fecha de inicio del periodo de garant\u00eda no se altera. Ej,: si un cliente adquiere un producto con 12 meses de garant\u00eda y el producto presenta un desperfecto de fabricaci\u00f3n por lo que es sustituido o reparado en el mes 4, la garant\u00eda restante sobre ese producto es 8 meses y en ning\u00fan caso vuelve a contar con 12 meses de garant\u00eda sobre ese producto.<\/p>\n<p>INFORMACI\u00d3N IMPORTANTE EN COMPRAS PARA STOCK:<\/p>\n<p>Las garant\u00edas ofrecidas inicialmente por RUMAR sobre sus productos en ning\u00fan caso se ampliar\u00e1n m\u00e1s de 4 meses. De esta forma, los productos con garant\u00eda iniciales de 6 \/ 12 \/ 18 \/ 24 meses, en ning\u00fan caso podr\u00e1n ver ampliada su garant\u00eda por encima de los 10 \/ 16 \/ 22 \/ 28 meses desde la fecha de la factura de venta de RUMAR respectivamente.<\/p>\n<p>Para disfrutar de cualquier ampliaci\u00f3n de garant\u00eda fruto de haber mantenido en stock un producto suministrado por RUMAR, es imprescindible enviar a la direcci\u00f3n de email: <a href=\"mailto:rumarcedeira@rumarcedeira.com\">rumarcedeira@rumarcedeira.com<\/a> la factura de venta del producto al usuario final al momento de la venta.<\/p>\n<h2>8. Responsabilidades<\/h2>\n<p>Queda expresamente excluido cualquier derecho de compensaci\u00f3n o indemnizaci\u00f3n, incluidos subsidiarios, por da\u00f1os causados por los productos que puedan ser objeto de un contrato de compra venta, salvo negligencia grave o incumplimiento de obligaciones legales por parte de RUMAR o su personal.<\/p>\n<h2>9. Precios<\/h2>\n<p>Los precios que figuran en nuestra WEB son precio PVP. Distribuidores y Servicios T\u00e9cnicos deben contactar con el equipo comercial de RUMAR para conocer sus descuentos u ofertas especiales si es el caso.<\/p>\n<p>Si la entrega se retrasa por motivos imputables al CLIENTE m\u00e1s de 60 d\u00edas respecto a la fecha prevista, RUMAR podr\u00e1 exigir el precio actualizado al d\u00eda de la entrega. Variaciones imprevisibles de gastos, como pueden ser tasas e impuestos de importaci\u00f3n, gastos de transporte o de paridades monetarias, dar\u00e1n a RUMAR derecho a una adaptaci\u00f3n proporcional.<\/p>\n<p>Todos los precios mencionados en las listas de precio est\u00e1n sujetos a los impuestos que correspondan por Ley.<\/p>\n<h2>10. Pagos<\/h2>\n<p>Todos los pagos deben ser efectuados sin gastos a cargo de RUMAR. En caso de demoras en el pago, RUMAR tendr\u00e1 derecho a cargar al CLIENTE en concepto de intereses de mora un 10 % p. a. superior al Euribor v\u00e1lido en el momento del vencimiento de la deuda y hasta la liquidaci\u00f3n total de las facturas caducadas. En caso de cualquier devoluci\u00f3n de letras de cambio, recibos bancarios, pagar\u00e9s, cheques, etc., todos los gastos seg\u00fan liquidaci\u00f3n del banco, m\u00e1s EUR 6,00 por gastos de administraci\u00f3n, ser\u00e1n por cargo del CLIENTE.<\/p>\n<h2>11. Reserva de la propiedad<\/h2>\n<p>RUMAR CEDEIRA, S. L. se reserva expresamente la propiedad de los productos entregados hasta el pago \u00edntegro del precio de venta, intereses, gastos, etc. En consecuencia, seg\u00fan la presente disposici\u00f3n, no se considerar\u00e1 efectuado el pago, de las letras de cambio, los pagar\u00e9s, los cheques o cualquier otro t\u00edtulo que cree obligaci\u00f3n de pagar hasta que se llegue a buen fin con el cobro de dichos documentos. En caso de domiciliaciones bancarias se considera efectuado el pago una vez transcurridos los plazos de derecho de devoluci\u00f3n seg\u00fan la norma SEPA.<\/p>\n<p>En caso de que el CLIENTE suspenda pagos, RUMAR podr\u00e1 reclamar los productos. Cualquier embargo sobre los productos con reserva de la propiedad no ser\u00e1n reconocidos.<\/p>\n<h2>12. Protecci\u00f3n de datos<\/h2>\n<p>De acuerdo a la Ley Org\u00e1nica 15\/1999 del 13 de Diciembre, de Protecci\u00f3n de Datos de Car\u00e1cter Personal, informamos que al realizar el primer pedido, los datos del CLIENTE quedar\u00e1n incorporados y ser\u00e1n tratados en los ficheros automatizados de RUMAR CEDEIRA, S. L., \u00fanicamente con el fin de mantener la relaci\u00f3n contractual. El CLIENTE tiene derecho de acceder, cancelar o rectificar sus datos registrados.<\/p>\n<h2>13. Contenciosos<\/h2>\n<p>Lugar de cumplimiento para ambas partes es el correspondiente al domicilio social de RUMAR. Ambas partes se comprometen en cualquier contencioso buscar una soluci\u00f3n amistosa. Los tribunales correspondientes al domicilio social de RUMAR son los \u00fanicos competentes. En caso de dictarse una sentencia favorable para RUMAR CEDEIRA, S. L., correr\u00e1n todos los gastos, incluso los posibles desplazamientos de personal, testigos y letrados, por cuenta del CLIENTE.<\/p>\n<p>RUMAR CEDEIRA, S. L.<br \/>\nC. I. F. B-70.011.796<\/p>\n<p>Madrid, 1 de enero de 2018<\/p>\n","protected":false},"excerpt":{"rendered":"<p>Condiciones generales de venta RUMAR 1. Validez Nuestras condiciones generales de venta son la base para cualquier operaci\u00f3n comercial con personas f\u00edsicas, jur\u00eddicas y entes p\u00fablicos. La comunicaci\u00f3n de un pedido, por cualquier medio, implica autom\u00e1ticamente la expresa aceptaci\u00f3n de las condiciones de venta que se detallan a continuaci\u00f3n. 2. Ofertas Todas nuestras ofertas son<\/p>\n","protected":false},"author":2,"featured_media":0,"parent":0,"menu_order":0,"comment_status":"closed","ping_status":"closed","template":"templates\/fullwidth.php","meta":{"footnotes":""},"class_list":["post-9698","page","type-page","status-publish","hentry"],"_links":{"self":[{"href":"https:\/\/rumarcedeira.com\/en\/wp-json\/wp\/v2\/pages\/9698","targetHints":{"allow":["GET"]}}],"collection":[{"href":"https:\/\/rumarcedeira.com\/en\/wp-json\/wp\/v2\/pages"}],"about":[{"href":"https:\/\/rumarcedeira.com\/en\/wp-json\/wp\/v2\/types\/page"}],"author":[{"embeddable":true,"href":"https:\/\/rumarcedeira.com\/en\/wp-json\/wp\/v2\/users\/2"}],"replies":[{"embeddable":true,"href":"https:\/\/rumarcedeira.com\/en\/wp-json\/wp\/v2\/comments?post=9698"}],"version-history":[{"count":0,"href":"https:\/\/rumarcedeira.com\/en\/wp-json\/wp\/v2\/pages\/9698\/revisions"}],"wp:attachment":[{"href":"https:\/\/rumarcedeira.com\/en\/wp-json\/wp\/v2\/media?parent=9698"}],"curies":[{"name":"wp","href":"https:\/\/api.w.org\/{rel}","templated":true}]}}